{"id":241414,"date":"2025-11-27T13:05:37","date_gmt":"2025-11-27T13:05:37","guid":{"rendered":"https:\/\/feelgoodsuffolk.co.uk\/?page_id=241414"},"modified":"2026-01-22T15:16:55","modified_gmt":"2026-01-22T15:16:55","slug":"probowanie-waporyzacji","status":"publish","type":"page","link":"https:\/\/feelgoodsuffolk.co.uk\/pl\/stop-smoking-2-2\/tryvaping\/","title":{"rendered":"Wypr\u00f3buj wapowanie z Feel Good Suffolk"},"content":{"rendered":"<p>[et_pb_section fb_built=&#8221;1&#8243; admin_label=&#8221;Section&#8221; _builder_version=&#8221;4.27.4&#8243; _module_preset=&#8221;default&#8221; custom_padding=&#8221;0px|0px|0px|0px|true|true&#8221; da_disable_devices=&#8221;off|off|off&#8221; global_colors_info=&#8221;{}&#8221; da_is_popup=&#8221;off&#8221; da_exit_intent=&#8221;off&#8221; da_has_close=&#8221;on&#8221; da_alt_close=&#8221;off&#8221; da_dark_close=&#8221;off&#8221; da_not_modal=&#8221;on&#8221; da_is_singular=&#8221;off&#8221; da_with_loader=&#8221;off&#8221; da_has_shadow=&#8221;on&#8221;][et_pb_row use_custom_gutter=&#8221;on&#8221; gutter_width=&#8221;1&#8243; _builder_version=&#8221;4.27.4&#8243; _module_preset=&#8221;default&#8221; width=&#8221;100%&#8221; max_width=&#8221;2560px&#8221; custom_margin=&#8221;|auto||auto|false|false&#8221; custom_padding=&#8221;0px|0px|0px|0px|true|true&#8221; global_colors_info=&#8221;{}&#8221;][et_pb_column type=&#8221;4_4&#8243; _builder_version=&#8221;4.27.4&#8243; _module_preset=&#8221;default&#8221; custom_padding=&#8221;0px|0px|0px|0px|true|true&#8221; global_colors_info=&#8221;{}&#8221;][et_pb_image src=&#8221;https:\/\/feelgoodsuffolk.co.uk\/wp-content\/uploads\/2026\/01\/vaping-web-banner-scaled.png&#8221; alt=&#8221;woman vapes in background&#8221; title_text=&#8221;vaping web banner&#8221; src_tablet=&#8221;https:\/\/feelgoodsuffolk.co.uk\/wp-content\/uploads\/2025\/01\/never-stop-trying_web.jpg&#8221; src_phone=&#8221;https:\/\/feelgoodsuffolk.co.uk\/wp-content\/uploads\/2025\/01\/never-stop-square-web.jpg&#8221; src_last_edited=&#8221;on|phone&#8221; _builder_version=&#8221;4.27.5&#8243; _module_preset=&#8221;default&#8221; custom_margin=&#8221;||||false|false&#8221; global_colors_info=&#8221;{}&#8221;][\/et_pb_image][\/et_pb_column][\/et_pb_row][\/et_pb_section][et_pb_section fb_built=&#8221;1&#8243; admin_label=&#8221;Section&#8221; module_id=&#8221;topreasons&#8221; _builder_version=&#8221;4.27.5&#8243; _module_preset=&#8221;default&#8221; custom_padding=&#8221;15px||26px|||&#8221; da_popup_slug=&#8221;topreasons&#8221; da_disable_devices=&#8221;off|off|off&#8221; global_colors_info=&#8221;{}&#8221; da_is_popup=&#8221;off&#8221; da_exit_intent=&#8221;off&#8221; da_has_close=&#8221;on&#8221; da_alt_close=&#8221;off&#8221; da_dark_close=&#8221;off&#8221; da_not_modal=&#8221;on&#8221; da_is_singular=&#8221;off&#8221; da_with_loader=&#8221;off&#8221; da_has_shadow=&#8221;on&#8221;][et_pb_row _builder_version=&#8221;4.27.5&#8243; _module_preset=&#8221;default&#8221; width=&#8221;58%&#8221; custom_padding=&#8221;40px||0px|||&#8221; global_colors_info=&#8221;{}&#8221;][et_pb_column type=&#8221;4_4&#8243; _builder_version=&#8221;4.27.4&#8243; _module_preset=&#8221;default&#8221; global_colors_info=&#8221;{}&#8221;][et_pb_text _builder_version=&#8221;4.27.5&#8243; _module_preset=&#8221;default&#8221; text_font_size=&#8221;18px&#8221; text_line_height=&#8221;1.8em&#8221; header_3_font_size=&#8221;24px&#8221; header_3_line_height=&#8221;1.2em&#8221; header_4_font=&#8221;||||||||&#8221; header_4_text_color=&#8221;#3F185F&#8221; header_4_font_size=&#8221;26px&#8221; custom_margin=&#8221;|-177px||||&#8221; custom_padding=&#8221;||0px|||&#8221; global_colors_info=&#8221;{}&#8221;]<\/p>\n<h4>Life gets hectic, but stopping smoking doesn&#8217;t have to happen all at once.\u00a0 Even small steps can help.<\/h4>\n<p>[\/et_pb_text][et_pb_text _builder_version=&#8221;4.27.4&#8243; _module_preset=&#8221;default&#8221; header_2_font=&#8221;|600|||||||&#8221; header_2_font_size=&#8221;40px&#8221; custom_margin=&#8221;||31px|||&#8221; custom_padding=&#8221;||0px|||&#8221; global_colors_info=&#8221;{}&#8221;]<\/p>\n<h4><span><b>Switching to vaping is a proven way to reduce harm from smoking.\u00a0<\/b><\/span><span><b>It\u2019s<\/b><\/span><span><b> less damaging to your health, more affordable, and can be a stepping stone to becoming smoke-free for good.<\/b><\/span><span data-contrast=\"auto\">\u00a0<\/span><\/h4>\n<p>[\/et_pb_text][et_pb_text _builder_version=&#8221;4.27.5&#8243; _module_preset=&#8221;default&#8221; global_colors_info=&#8221;{}&#8221;]<\/p>\n<p><span>That\u2019s why <\/span><span data-contrast=\"auto\" style=\"font-size: 18px;\">Feel Good Suffolk is offering a free 12-week vape starter kit worth \u00a340 to Suffolk residents who currently smoke and are thinking about stopping.<\/span><\/p>\n<p>[\/et_pb_text][\/et_pb_column][\/et_pb_row][et_pb_row column_structure=&#8221;3_5,2_5&#8243; _builder_version=&#8221;4.27.5&#8243; _module_preset=&#8221;default&#8221; global_colors_info=&#8221;{}&#8221;][et_pb_column type=&#8221;3_5&#8243; _builder_version=&#8221;4.27.5&#8243; _module_preset=&#8221;default&#8221; global_colors_info=&#8221;{}&#8221;][et_pb_text _builder_version=&#8221;4.27.5&#8243; _module_preset=&#8221;default&#8221; global_colors_info=&#8221;{}&#8221;]<\/p>\n<p><span data-ccp-props=\"{&quot;335559738&quot;:240,&quot;335559739&quot;:240}\">\u00a0<\/span><b style=\"font-size: 17px;\"><span data-contrast=\"auto\">What you\u2019ll get<\/span><\/b><span data-ccp-props=\"{&quot;134245418&quot;:true,&quot;134245529&quot;:true,&quot;335559738&quot;:281,&quot;335559739&quot;:281}\" style=\"font-size: 17px;\">\u00a0<\/span><\/p>\n<ul>\n<li aria-setsize=\"-1\" data-leveltext=\"\uf0b7\" data-font=\"Symbol\" data-listid=\"1\" data-list-defn-props=\"{&quot;335552541&quot;:1,&quot;335559685&quot;:720,&quot;335559991&quot;:360,&quot;469769226&quot;:&quot;Symbol&quot;,&quot;469769242&quot;:[8226],&quot;469777803&quot;:&quot;left&quot;,&quot;469777804&quot;:&quot;\uf0b7&quot;,&quot;469777815&quot;:&quot;hybridMultilevel&quot;}\" data-aria-posinset=\"1\" data-aria-level=\"1\"><span data-contrast=\"auto\">A 12-week vape starter kit worth \u00a340.\u00a0 This includes a vape device, charging accessories, and e-liquid in your chosen strengths and flavours, to help you transition away from smoking.<\/span><span data-ccp-props=\"{&quot;335559739&quot;:0}\">\u00a0<\/span><\/li>\n<\/ul>\n<ul>\n<li aria-setsize=\"-1\" data-leveltext=\"\uf0b7\" data-font=\"Symbol\" data-listid=\"1\" data-list-defn-props=\"{&quot;335552541&quot;:1,&quot;335559685&quot;:720,&quot;335559991&quot;:360,&quot;469769226&quot;:&quot;Symbol&quot;,&quot;469769242&quot;:[8226],&quot;469777803&quot;:&quot;left&quot;,&quot;469777804&quot;:&quot;\uf0b7&quot;,&quot;469777815&quot;:&quot;hybridMultilevel&quot;}\" data-aria-posinset=\"2\" data-aria-level=\"1\"><span data-contrast=\"auto\">Contact from\u00a0a\u00a0Feel Good\u00a0Suffolk Advisor, who will arrange your kit and guide you through the process.<\/span><span data-ccp-props=\"{&quot;335559738&quot;:281,&quot;335559739&quot;:281}\">\u00a0<\/span><\/li>\n<\/ul>\n<ul>\n<li aria-setsize=\"-1\" data-leveltext=\"\uf0b7\" data-font=\"Symbol\" data-listid=\"1\" data-list-defn-props=\"{&quot;335552541&quot;:1,&quot;335559685&quot;:720,&quot;335559991&quot;:360,&quot;469769226&quot;:&quot;Symbol&quot;,&quot;469769242&quot;:[8226],&quot;469777803&quot;:&quot;left&quot;,&quot;469777804&quot;:&quot;\uf0b7&quot;,&quot;469777815&quot;:&quot;hybridMultilevel&quot;}\" data-aria-posinset=\"3\" data-aria-level=\"1\"><span data-contrast=\"auto\">Access to ongoing advice and encouragement to support your journey.<\/span><span data-ccp-props=\"{&quot;335559738&quot;:281,&quot;335559739&quot;:281}\">\u00a0<\/span><\/li>\n<\/ul>\n<p aria-level=\"3\"><span data-ccp-props=\"{&quot;134245418&quot;:true,&quot;134245529&quot;:true,&quot;201341983&quot;:0,&quot;335559738&quot;:0,&quot;335559739&quot;:160,&quot;335559740&quot;:276}\">\u00a0<\/span><\/p>\n<p aria-level=\"3\"><b><span data-contrast=\"auto\">Ready to make the switch?<\/span><\/b><span data-ccp-props=\"{&quot;134245418&quot;:true,&quot;134245529&quot;:true,&quot;201341983&quot;:0,&quot;335559738&quot;:0,&quot;335559739&quot;:160,&quot;335559740&quot;:276}\">\u00a0<\/span><\/p>\n<p><span data-contrast=\"auto\">Feel Good Suffolk has helped thousands of people like you, to switch to vaping. <\/span><span data-ccp-props=\"{&quot;201341983&quot;:0,&quot;335559740&quot;:276}\">\u00a0<\/span><\/p>\n<p><span data-contrast=\"auto\">You\u2019ve\u00a0got nothing to lose by giving it a go \u2013 and everything to gain when it comes to your health, wellbeing, and future. Take the first step today.<\/span><span data-ccp-props=\"{&quot;201341983&quot;:0,&quot;335559740&quot;:276}\">\u00a0<\/span><\/p>\n<p><span data-contrast=\"auto\">Complete our quick &amp; easy form\u00a0below\u00a0to\u00a0sign-up\u00a0for a free vape starter kit.<\/span>\u00a0<\/p>\n<p>[\/et_pb_text][et_pb_button button_url=&#8221;https:\/\/forms.office.com\/Pages\/ResponsePage.aspx?id=282rRBGc30uls5lBi5RvEYRQ89eUrRBGldT2tjezR8dUOU42QlhFSExDTkg1UUxXMVBRMTZJN0tWSS4u&#8221; button_text=&#8221;Sign up for your free vape here&#8221; button_alignment=&#8221;left&#8221; module_id=&#8221;never-stop-referral-button&#8221; _builder_version=&#8221;4.27.5&#8243; _module_preset=&#8221;default&#8221; custom_button=&#8221;on&#8221; button_text_size=&#8221;28px&#8221; button_text_color=&#8221;#FFFFFF&#8221; button_bg_color=&#8221;#3F185F&#8221; button_border_width=&#8221;1px&#8221; button_border_color=&#8221;#3F185F&#8221; button_border_radius=&#8221;34px&#8221; button_font=&#8221;|600|||||||&#8221; button_icon_color=&#8221;#FFFFFF&#8221; button_on_hover=&#8221;off&#8221; custom_margin=&#8221;30px||||false|false&#8221; custom_margin_tablet=&#8221;30px||||false|false&#8221; custom_margin_phone=&#8221;30px||||false|false&#8221; custom_margin_last_edited=&#8221;on|phone&#8221; custom_padding=&#8221;|85px||64px|false|false&#8221; button_text_size_tablet=&#8221;26px&#8221; button_text_size_phone=&#8221;20px&#8221; button_text_size_last_edited=&#8221;on|phone&#8221; button_border_width_tablet=&#8221;&#8221; button_border_width_phone=&#8221;&#8221; button_border_width_last_edited=&#8221;on|desktop&#8221; locked=&#8221;off&#8221; global_colors_info=&#8221;{}&#8221; button_text_color__hover_enabled=&#8221;on|desktop&#8221; button_text_color__hover=&#8221;#3F185F&#8221; button_bg_color__hover_enabled=&#8221;on|hover&#8221; button_bg_color__hover=&#8221;#FFFFFF&#8221; button_bg_enable_color__hover=&#8221;on&#8221; button_border_width__hover_enabled=&#8221;on|desktop&#8221; button_border_width__hover=&#8221;1px&#8221; button_icon_color__hover_enabled=&#8221;on|hover&#8221; button_icon_color__hover=&#8221;#3F185F&#8221; button_border_color__hover_enabled=&#8221;on|desktop&#8221; button_border_color__hover=&#8221;#3F185F&#8221;][\/et_pb_button][et_pb_text _builder_version=&#8221;4.27.5&#8243; _module_preset=&#8221;default&#8221; custom_margin=&#8221;|-436px||||&#8221; global_colors_info=&#8221;{}&#8221;]<\/p>\n<p><span data-contrast=\"auto\">By signing up, you agree to be contacted by a Feel Good Suffolk Advisor who will call you to arrange your free vape kit.<\/span><\/p>\n<p>[\/et_pb_text][\/et_pb_column][et_pb_column type=&#8221;2_5&#8243; _builder_version=&#8221;4.27.5&#8243; _module_preset=&#8221;default&#8221; global_colors_info=&#8221;{}&#8221;][et_pb_image src=&#8221;https:\/\/feelgoodsuffolk.co.uk\/wp-content\/uploads\/2026\/01\/vaping-1-rotated.jpg&#8221; alt=&#8221;middle aged man vapes outside a pub&#8221; title_text=&#8221;vaping 1&#8243; _builder_version=&#8221;4.27.5&#8243; _module_preset=&#8221;default&#8221; global_colors_info=&#8221;{}&#8221;][\/et_pb_image][\/et_pb_column][\/et_pb_row][\/et_pb_section][et_pb_section fb_built=&#8221;1&#8243; admin_label=&#8221;Section&#8221; module_id=&#8221;neverstoptryingfilm&#8221; _builder_version=&#8221;4.27.4&#8243; _module_preset=&#8221;default&#8221; background_color=&#8221;rgba(214,214,214,0.2)&#8221; custom_padding=&#8221;25px|||||&#8221; da_popup_slug=&#8221;neverstoptryingfilm&#8221; da_disable_devices=&#8221;off|off|off&#8221; global_colors_info=&#8221;{}&#8221; da_is_popup=&#8221;off&#8221; da_exit_intent=&#8221;off&#8221; da_has_close=&#8221;on&#8221; da_alt_close=&#8221;off&#8221; da_dark_close=&#8221;off&#8221; da_not_modal=&#8221;on&#8221; da_is_singular=&#8221;off&#8221; da_with_loader=&#8221;off&#8221; da_has_shadow=&#8221;on&#8221;][et_pb_row column_structure=&#8221;1_2,1_2&#8243; _builder_version=&#8221;4.27.5&#8243; _module_preset=&#8221;default&#8221; custom_padding=&#8221;0px|||||&#8221; global_colors_info=&#8221;{}&#8221;][et_pb_column type=&#8221;1_2&#8243; _builder_version=&#8221;4.27.5&#8243; _module_preset=&#8221;default&#8221; global_colors_info=&#8221;{}&#8221;][et_pb_text _builder_version=&#8221;4.27.5&#8243; _module_preset=&#8221;default&#8221; global_colors_info=&#8221;{}&#8221;]<\/p>\n<p><span data-ccp-props=\"{&quot;335559738&quot;:240,&quot;335559739&quot;:240}\"><\/span><\/p>\n<p><b><span data-contrast=\"auto\">Why\u00a0try\u00a0vaping?<\/span><\/b><span data-ccp-props=\"{&quot;335559738&quot;:240,&quot;335559739&quot;:240}\">\u00a0<\/span><\/p>\n<ul>\n<li aria-setsize=\"-1\" data-leveltext=\"\uf0b7\" data-font=\"Symbol\" data-listid=\"2\" data-list-defn-props=\"{&quot;335552541&quot;:1,&quot;335559685&quot;:720,&quot;335559991&quot;:360,&quot;469769226&quot;:&quot;Symbol&quot;,&quot;469769242&quot;:[8226],&quot;469777803&quot;:&quot;left&quot;,&quot;469777804&quot;:&quot;\uf0b7&quot;,&quot;469777815&quot;:&quot;hybridMultilevel&quot;}\" data-aria-posinset=\"1\" data-aria-level=\"1\"><span data-contrast=\"auto\">Less harmful than smoking \u2013 Cigarette smoke\u00a0contains\u00a0thousands of chemicals, many of which are toxic and carcinogenic. Vaping\u00a0doesn\u2019t\u00a0produce tar or carbon monoxide, two of the most harmful substances in tobacco smoke.<\/span><span data-ccp-props=\"{&quot;335559739&quot;:0}\">\u00a0<\/span><\/li>\n<\/ul>\n<ul>\n<li aria-setsize=\"-1\" data-leveltext=\"\uf0b7\" data-font=\"Symbol\" data-listid=\"2\" data-list-defn-props=\"{&quot;335552541&quot;:1,&quot;335559685&quot;:720,&quot;335559991&quot;:360,&quot;469769226&quot;:&quot;Symbol&quot;,&quot;469769242&quot;:[8226],&quot;469777803&quot;:&quot;left&quot;,&quot;469777804&quot;:&quot;\uf0b7&quot;,&quot;469777815&quot;:&quot;hybridMultilevel&quot;}\" data-aria-posinset=\"2\" data-aria-level=\"1\"><span data-contrast=\"auto\">Helps you quit \u2013 Many smokers find that vaping helps them manage cravings and gradually reduce their dependence on nicotine.<\/span><span data-ccp-props=\"{}\">\u00a0<\/span><\/li>\n<\/ul>\n<ul>\n<li aria-setsize=\"-1\" data-leveltext=\"\uf0b7\" data-font=\"Symbol\" data-listid=\"2\" data-list-defn-props=\"{&quot;335552541&quot;:1,&quot;335559685&quot;:720,&quot;335559991&quot;:360,&quot;469769226&quot;:&quot;Symbol&quot;,&quot;469769242&quot;:[8226],&quot;469777803&quot;:&quot;left&quot;,&quot;469777804&quot;:&quot;\uf0b7&quot;,&quot;469777815&quot;:&quot;hybridMultilevel&quot;}\" data-aria-posinset=\"3\" data-aria-level=\"1\"><span data-contrast=\"auto\">Protect your friends and family \u2013\u00a0Vapour\u00a0from e-cigarettes dissipates more quickly and\u00a0contains\u00a0fewer harmful substances than cigarette smoke. This makes vaping less intrusive to others and reduces secondhand smoke exposure.<\/span><span data-ccp-props=\"{}\">\u00a0<\/span><\/li>\n<\/ul>\n<ul><\/ul>\n<p>&nbsp;<\/p>\n<p>[\/et_pb_text][et_pb_text _builder_version=&#8221;4.27.4&#8243; _module_preset=&#8221;default&#8221; text_font=&#8221;|800|||||||&#8221; text_text_color=&#8221;#BF3C8E&#8221; text_font_size=&#8221;20px&#8221; link_font_size=&#8221;20px&#8221; header_3_font=&#8221;|800|||||||&#8221; header_3_text_color=&#8221;#BF3C8E&#8221; header_3_font_size=&#8221;20px&#8221; custom_margin=&#8221;60px|||||&#8221; custom_padding=&#8221;|0px||||&#8221; global_colors_info=&#8221;{}&#8221;]<\/p>\n<p>&nbsp;<\/p>\n<p>You can call us on\u00a0T. <a href=\"tel:0345%20603 4060\" target=\"_blank\" rel=\"noopener\"><span>0345 603 4060<\/span><\/a><\/p>\n<p>[\/et_pb_text][\/et_pb_column][et_pb_column type=&#8221;1_2&#8243; _builder_version=&#8221;4.27.5&#8243; _module_preset=&#8221;default&#8221; global_colors_info=&#8221;{}&#8221;][\/et_pb_column][\/et_pb_row][\/et_pb_section]<\/p>\n","protected":false},"excerpt":{"rendered":"<p>Life gets hectic, but stopping smoking doesn&#8217;t have to happen all at once.\u00a0 Even small steps can help.Switching to vaping is a proven way to reduce harm from smoking.\u00a0It\u2019s less damaging to your health, more affordable, and can be a stepping stone to becoming smoke-free for good.\u00a0That\u2019s why Feel Good Suffolk is offering a free [&hellip;]<\/p>\n","protected":false},"author":3,"featured_media":0,"parent":238859,"menu_order":0,"comment_status":"closed","ping_status":"closed","template":"","meta":{"_acf_changed":false,"_et_pb_use_builder":"on","_et_pb_old_content":"","_et_gb_content_width":"","_monsterinsights_skip_tracking":false,"_monsterinsights_sitenote_active":false,"_monsterinsights_sitenote_note":"","_monsterinsights_sitenote_category":0,"footnotes":""},"class_list":["post-241414","page","type-page","status-publish","hentry"],"acf":[],"yoast_head":"<!-- This site is optimized with the Yoast SEO plugin v27.2 - https:\/\/yoast.com\/product\/yoast-seo-wordpress\/ -->\n<title>Try vaping with Feel Good Suffolk - Feel Good Suffolk<\/title>\n<meta name=\"description\" content=\"You\u2019re three times more likely to quit smoking with support from Feel Good Suffolk. Our new campaign, Never Stop Trying, in collaboration with Ipswich Town Football Club follows two fans through their journey.\" \/>\n<meta name=\"robots\" content=\"index, follow, max-snippet:-1, max-image-preview:large, max-video-preview:-1\" \/>\n<link rel=\"canonical\" href=\"https:\/\/feelgoodsuffolk.co.uk\/pl\/rzuc-palenie-2-2\/probowanie-waporyzacji\/\" \/>\n<meta property=\"og:locale\" content=\"pl_PL\" \/>\n<meta property=\"og:type\" content=\"article\" \/>\n<meta property=\"og:title\" content=\"Try vaping with Feel Good Suffolk - Feel Good Suffolk\" \/>\n<meta property=\"og:description\" content=\"You\u2019re three times more likely to quit smoking with support from Feel Good Suffolk. Our new campaign, Never Stop Trying, in collaboration with Ipswich Town Football Club follows two fans through their journey.\" \/>\n<meta property=\"og:url\" content=\"https:\/\/feelgoodsuffolk.co.uk\/pl\/rzuc-palenie-2-2\/probowanie-waporyzacji\/\" \/>\n<meta property=\"og:site_name\" content=\"Feel Good Suffolk\" \/>\n<meta property=\"article:publisher\" content=\"https:\/\/www.facebook.com\/FeelGoodSuffolk\" \/>\n<meta property=\"article:modified_time\" content=\"2026-01-22T15:16:55+00:00\" \/>\n<meta name=\"twitter:card\" content=\"summary_large_image\" \/>\n<meta name=\"twitter:label1\" content=\"Szacowany czas czytania\" \/>\n\t<meta name=\"twitter:data1\" content=\"2 minuty\" \/>\n<script type=\"application\/ld+json\" class=\"yoast-schema-graph\">{\"@context\":\"https:\/\/schema.org\",\"@graph\":[{\"@type\":\"WebPage\",\"@id\":\"https:\/\/feelgoodsuffolk.co.uk\/stop-smoking-2-2\/tryvaping\/\",\"url\":\"https:\/\/feelgoodsuffolk.co.uk\/stop-smoking-2-2\/tryvaping\/\",\"name\":\"Try vaping with Feel Good Suffolk - Feel Good Suffolk\",\"isPartOf\":{\"@id\":\"https:\/\/feelgoodsuffolk.co.uk\/#website\"},\"datePublished\":\"2025-11-27T13:05:37+00:00\",\"dateModified\":\"2026-01-22T15:16:55+00:00\",\"description\":\"You\u2019re three times more likely to quit smoking with support from Feel Good Suffolk. Our new campaign, Never Stop Trying, in collaboration with Ipswich Town Football Club follows two fans through their journey.\",\"breadcrumb\":{\"@id\":\"https:\/\/feelgoodsuffolk.co.uk\/stop-smoking-2-2\/tryvaping\/#breadcrumb\"},\"inLanguage\":\"pl-PL\",\"potentialAction\":[{\"@type\":\"ReadAction\",\"target\":[\"https:\/\/feelgoodsuffolk.co.uk\/stop-smoking-2-2\/tryvaping\/\"]}]},{\"@type\":\"BreadcrumbList\",\"@id\":\"https:\/\/feelgoodsuffolk.co.uk\/stop-smoking-2-2\/tryvaping\/#breadcrumb\",\"itemListElement\":[{\"@type\":\"ListItem\",\"position\":1,\"name\":\"Home\",\"item\":\"https:\/\/feelgoodsuffolk.co.uk\/\"},{\"@type\":\"ListItem\",\"position\":2,\"name\":\"Stop Smoking\",\"item\":\"https:\/\/feelgoodsuffolk.co.uk\/stop-smoking-2-2\/\"},{\"@type\":\"ListItem\",\"position\":3,\"name\":\"Try vaping with Feel Good Suffolk\"}]},{\"@type\":\"WebSite\",\"@id\":\"https:\/\/feelgoodsuffolk.co.uk\/#website\",\"url\":\"https:\/\/feelgoodsuffolk.co.uk\/\",\"name\":\"Feel Good Suffolk\",\"description\":\"Healthy changes one step at a time\",\"publisher\":{\"@id\":\"https:\/\/feelgoodsuffolk.co.uk\/#organization\"},\"potentialAction\":[{\"@type\":\"SearchAction\",\"target\":{\"@type\":\"EntryPoint\",\"urlTemplate\":\"https:\/\/feelgoodsuffolk.co.uk\/?s={search_term_string}\"},\"query-input\":{\"@type\":\"PropertyValueSpecification\",\"valueRequired\":true,\"valueName\":\"search_term_string\"}}],\"inLanguage\":\"pl-PL\"},{\"@type\":\"Organization\",\"@id\":\"https:\/\/feelgoodsuffolk.co.uk\/#organization\",\"name\":\"Feel Good Suffolk\",\"url\":\"https:\/\/feelgoodsuffolk.co.uk\/\",\"logo\":{\"@type\":\"ImageObject\",\"inLanguage\":\"pl-PL\",\"@id\":\"https:\/\/feelgoodsuffolk.co.uk\/#\/schema\/logo\/image\/\",\"url\":\"https:\/\/feelgoodsuffolk.co.uk\/wp-content\/uploads\/2023\/10\/FGS-logo-large.png\",\"contentUrl\":\"https:\/\/feelgoodsuffolk.co.uk\/wp-content\/uploads\/2023\/10\/FGS-logo-large.png\",\"width\":696,\"height\":696,\"caption\":\"Feel Good Suffolk\"},\"image\":{\"@id\":\"https:\/\/feelgoodsuffolk.co.uk\/#\/schema\/logo\/image\/\"},\"sameAs\":[\"https:\/\/www.facebook.com\/FeelGoodSuffolk\",\"https:\/\/instagram.com\/feelgoodsuffolk\"]}]}<\/script>\n<!-- \/ Yoast SEO plugin. -->","yoast_head_json":{"title":"Wypr\u00f3buj wapowanie z Feel Good Suffolk - Feel Good Suffolk","description":"Masz trzy razy wi\u0119ksze szanse na rzucenie palenia dzi\u0119ki wsparciu Feel Good Suffolk. Nasza nowa kampania, Never Stop Trying, we wsp\u00f3\u0142pracy z Ipswich Town Football Club, pod\u0105\u017ca za dwoma fanami w ich podr\u00f3\u017cy.","robots":{"index":"index","follow":"follow","max-snippet":"max-snippet:-1","max-image-preview":"max-image-preview:large","max-video-preview":"max-video-preview:-1"},"canonical":"https:\/\/feelgoodsuffolk.co.uk\/pl\/rzuc-palenie-2-2\/probowanie-waporyzacji\/","og_locale":"pl_PL","og_type":"article","og_title":"Try vaping with Feel Good Suffolk - Feel Good Suffolk","og_description":"You\u2019re three times more likely to quit smoking with support from Feel Good Suffolk. Our new campaign, Never Stop Trying, in collaboration with Ipswich Town Football Club follows two fans through their journey.","og_url":"https:\/\/feelgoodsuffolk.co.uk\/pl\/rzuc-palenie-2-2\/probowanie-waporyzacji\/","og_site_name":"Feel Good Suffolk","article_publisher":"https:\/\/www.facebook.com\/FeelGoodSuffolk","article_modified_time":"2026-01-22T15:16:55+00:00","twitter_card":"summary_large_image","twitter_misc":{"Szacowany czas czytania":"2 minuty"},"schema":{"@context":"https:\/\/schema.org","@graph":[{"@type":"WebPage","@id":"https:\/\/feelgoodsuffolk.co.uk\/stop-smoking-2-2\/tryvaping\/","url":"https:\/\/feelgoodsuffolk.co.uk\/stop-smoking-2-2\/tryvaping\/","name":"Wypr\u00f3buj wapowanie z Feel Good Suffolk - Feel Good Suffolk","isPartOf":{"@id":"https:\/\/feelgoodsuffolk.co.uk\/#website"},"datePublished":"2025-11-27T13:05:37+00:00","dateModified":"2026-01-22T15:16:55+00:00","description":"Masz trzy razy wi\u0119ksze szanse na rzucenie palenia dzi\u0119ki wsparciu Feel Good Suffolk. Nasza nowa kampania, Never Stop Trying, we wsp\u00f3\u0142pracy z Ipswich Town Football Club, pod\u0105\u017ca za dwoma fanami w ich podr\u00f3\u017cy.","breadcrumb":{"@id":"https:\/\/feelgoodsuffolk.co.uk\/stop-smoking-2-2\/tryvaping\/#breadcrumb"},"inLanguage":"pl-PL","potentialAction":[{"@type":"ReadAction","target":["https:\/\/feelgoodsuffolk.co.uk\/stop-smoking-2-2\/tryvaping\/"]}]},{"@type":"BreadcrumbList","@id":"https:\/\/feelgoodsuffolk.co.uk\/stop-smoking-2-2\/tryvaping\/#breadcrumb","itemListElement":[{"@type":"ListItem","position":1,"name":"Home","item":"https:\/\/feelgoodsuffolk.co.uk\/"},{"@type":"ListItem","position":2,"name":"Stop Smoking","item":"https:\/\/feelgoodsuffolk.co.uk\/stop-smoking-2-2\/"},{"@type":"ListItem","position":3,"name":"Try vaping with Feel Good Suffolk"}]},{"@type":"WebSite","@id":"https:\/\/feelgoodsuffolk.co.uk\/#website","url":"https:\/\/feelgoodsuffolk.co.uk\/","name":"Poczuj si\u0119 dobrze, Suffolk","description":"Zdrowe zmiany krok po kroku","publisher":{"@id":"https:\/\/feelgoodsuffolk.co.uk\/#organization"},"potentialAction":[{"@type":"SearchAction","target":{"@type":"EntryPoint","urlTemplate":"https:\/\/feelgoodsuffolk.co.uk\/?s={search_term_string}"},"query-input":{"@type":"PropertyValueSpecification","valueRequired":true,"valueName":"search_term_string"}}],"inLanguage":"pl-PL"},{"@type":"Organization","@id":"https:\/\/feelgoodsuffolk.co.uk\/#organization","name":"Poczuj si\u0119 dobrze, Suffolk","url":"https:\/\/feelgoodsuffolk.co.uk\/","logo":{"@type":"ImageObject","inLanguage":"pl-PL","@id":"https:\/\/feelgoodsuffolk.co.uk\/#\/schema\/logo\/image\/","url":"https:\/\/feelgoodsuffolk.co.uk\/wp-content\/uploads\/2023\/10\/FGS-logo-large.png","contentUrl":"https:\/\/feelgoodsuffolk.co.uk\/wp-content\/uploads\/2023\/10\/FGS-logo-large.png","width":696,"height":696,"caption":"Feel Good Suffolk"},"image":{"@id":"https:\/\/feelgoodsuffolk.co.uk\/#\/schema\/logo\/image\/"},"sameAs":["https:\/\/www.facebook.com\/FeelGoodSuffolk","https:\/\/instagram.com\/feelgoodsuffolk"]}]}},"_links":{"self":[{"href":"https:\/\/feelgoodsuffolk.co.uk\/pl\/wp-json\/wp\/v2\/pages\/241414","targetHints":{"allow":["GET"]}}],"collection":[{"href":"https:\/\/feelgoodsuffolk.co.uk\/pl\/wp-json\/wp\/v2\/pages"}],"about":[{"href":"https:\/\/feelgoodsuffolk.co.uk\/pl\/wp-json\/wp\/v2\/types\/page"}],"author":[{"embeddable":true,"href":"https:\/\/feelgoodsuffolk.co.uk\/pl\/wp-json\/wp\/v2\/users\/3"}],"replies":[{"embeddable":true,"href":"https:\/\/feelgoodsuffolk.co.uk\/pl\/wp-json\/wp\/v2\/comments?post=241414"}],"version-history":[{"count":14,"href":"https:\/\/feelgoodsuffolk.co.uk\/pl\/wp-json\/wp\/v2\/pages\/241414\/revisions"}],"predecessor-version":[{"id":241703,"href":"https:\/\/feelgoodsuffolk.co.uk\/pl\/wp-json\/wp\/v2\/pages\/241414\/revisions\/241703"}],"up":[{"embeddable":true,"href":"https:\/\/feelgoodsuffolk.co.uk\/pl\/wp-json\/wp\/v2\/pages\/238859"}],"wp:attachment":[{"href":"https:\/\/feelgoodsuffolk.co.uk\/pl\/wp-json\/wp\/v2\/media?parent=241414"}],"curies":[{"name":"wp","href":"https:\/\/api.w.org\/{rel}","templated":true}]}}