{"id":238615,"date":"2024-01-15T14:32:39","date_gmt":"2024-01-15T14:32:39","guid":{"rendered":"https:\/\/feelgoodsuffolk.co.uk\/?page_id=238615"},"modified":"2024-01-24T16:47:47","modified_gmt":"2024-01-24T16:47:47","slug":"subfamilii","status":"publish","type":"page","link":"https:\/\/feelgoodsuffolk.co.uk\/ro\/sub-families\/","title":{"rendered":"Sub-familii"},"content":{"rendered":"<p>[et_pb_section fb_built=&#8221;1&#8243; admin_label=&#8221;Section&#8221; _builder_version=&#8221;4.23.4&#8243; _module_preset=&#8221;default&#8221; background_color=&#8221;#0b9ef4&#8243; custom_padding=&#8221;14px|||||&#8221; da_disable_devices=&#8221;off|off|off&#8221; global_colors_info=&#8221;{}&#8221; da_is_popup=&#8221;off&#8221; da_exit_intent=&#8221;off&#8221; da_has_close=&#8221;on&#8221; da_alt_close=&#8221;off&#8221; da_dark_close=&#8221;off&#8221; da_not_modal=&#8221;on&#8221; da_is_singular=&#8221;off&#8221; da_with_loader=&#8221;off&#8221; da_has_shadow=&#8221;on&#8221;][et_pb_row column_structure=&#8221;3_5,2_5&#8243; use_custom_gutter=&#8221;on&#8221; gutter_width=&#8221;2&#8243; _builder_version=&#8221;4.23.4&#8243; _module_preset=&#8221;default&#8221; custom_margin_tablet=&#8221;-38px||||false|false&#8221; custom_margin_phone=&#8221;-38px||||false|false&#8221; custom_margin_last_edited=&#8221;on|phone&#8221; custom_padding=&#8221;20px||||false|false&#8221; global_colors_info=&#8221;{}&#8221;][et_pb_column type=&#8221;3_5&#8243; _builder_version=&#8221;4.23.4&#8243; _module_preset=&#8221;default&#8221; global_colors_info=&#8221;{}&#8221;][et_pb_text _builder_version=&#8221;4.23.4&#8243; _module_preset=&#8221;default&#8221; header_text_color=&#8221;#FFFFFF&#8221; header_font_size=&#8221;90px&#8221; width=&#8221;100%&#8221; max_width=&#8221;100%&#8221; hover_enabled=&#8221;0&#8243; header_font_size_tablet=&#8221;50px&#8221; header_font_size_phone=&#8221;37px&#8221; header_font_size_last_edited=&#8221;on|tablet&#8221; global_colors_info=&#8221;{}&#8221; header_font=&#8221;Poppins||||||||&#8221; header_line_height=&#8221;1.1em&#8221; sticky_enabled=&#8221;0&#8243;]<\/p>\n<h1>Children, young people and families<\/h1>\n<p>[\/et_pb_text][\/et_pb_column][et_pb_column type=&#8221;2_5&#8243; _builder_version=&#8221;4.22.1&#8243; _module_preset=&#8221;default&#8221; global_colors_info=&#8221;{}&#8221;][\/et_pb_column][\/et_pb_row][\/et_pb_section][et_pb_section fb_built=&#8221;1&#8243; disabled_on=&#8221;off|off|off&#8221; admin_label=&#8221;Section&#8221; module_id=&#8221;children-families&#8221; _builder_version=&#8221;4.23.4&#8243; _module_preset=&#8221;default&#8221; custom_padding=&#8221;36px||16px|||&#8221; da_popup_slug=&#8221;children-families&#8221; da_disable_devices=&#8221;off|off|off&#8221; border_color_bottom=&#8221;#3F185F&#8221; global_colors_info=&#8221;{}&#8221; da_is_popup=&#8221;off&#8221; da_exit_intent=&#8221;off&#8221; da_has_close=&#8221;on&#8221; da_alt_close=&#8221;off&#8221; da_dark_close=&#8221;off&#8221; da_not_modal=&#8221;on&#8221; da_is_singular=&#8221;off&#8221; da_with_loader=&#8221;off&#8221; da_has_shadow=&#8221;on&#8221;][et_pb_row _builder_version=&#8221;4.22.2&#8243; _module_preset=&#8221;default&#8221; global_colors_info=&#8221;{}&#8221;][et_pb_column type=&#8221;4_4&#8243; _builder_version=&#8221;4.22.2&#8243; _module_preset=&#8221;default&#8221; global_colors_info=&#8221;{}&#8221;][et_pb_text _builder_version=&#8221;4.23.4&#8243; _module_preset=&#8221;default&#8221; header_2_font=&#8221;Poppins|600|||||||&#8221; header_2_font_size=&#8221;30px&#8221; hover_enabled=&#8221;0&#8243; global_colors_info=&#8221;{}&#8221; sticky_enabled=&#8221;0&#8243;]<\/p>\n<h2>In Suffolk there are a range of public health services to support your children and your family.<\/h2>\n<p>[\/et_pb_text][et_pb_text _builder_version=&#8221;4.23.4&#8243; _module_preset=&#8221;default&#8221; custom_margin=&#8221;||53px|||&#8221; hover_enabled=&#8221;0&#8243; global_colors_info=&#8221;{}&#8221; text_font=&#8221;Poppins||||||||&#8221; sticky_enabled=&#8221;0&#8243;]<\/p>\n<p>Some of these services can be accessed on the Suffolk County Council website via the links below or you can also find lots of other information on this website to support your family.<\/p>\n<p>[\/et_pb_text][et_pb_divider color=&#8221;#dd2573&#8243; _builder_version=&#8221;4.23.4&#8243; _module_preset=&#8221;default&#8221; global_colors_info=&#8221;{}&#8221;][\/et_pb_divider][\/et_pb_column][\/et_pb_row][\/et_pb_section][et_pb_section fb_built=&#8221;1&#8243; _builder_version=&#8221;4.23.4&#8243; _module_preset=&#8221;default&#8221; background_enable_color=&#8221;off&#8221; custom_padding=&#8221;13px|||||&#8221; da_disable_devices=&#8221;off|off|off&#8221; global_colors_info=&#8221;{}&#8221; da_is_popup=&#8221;off&#8221; da_exit_intent=&#8221;off&#8221; da_has_close=&#8221;on&#8221; da_alt_close=&#8221;off&#8221; da_dark_close=&#8221;off&#8221; da_not_modal=&#8221;on&#8221; da_is_singular=&#8221;off&#8221; da_with_loader=&#8221;off&#8221; da_has_shadow=&#8221;on&#8221;][et_pb_row _builder_version=&#8221;4.23&#8243; _module_preset=&#8221;default&#8221; custom_padding=&#8221;||4px|||&#8221; global_colors_info=&#8221;{}&#8221;][et_pb_column type=&#8221;4_4&#8243; _builder_version=&#8221;4.23&#8243; _module_preset=&#8221;default&#8221; global_colors_info=&#8221;{}&#8221;][et_pb_text _builder_version=&#8221;4.23.4&#8243; _module_preset=&#8221;default&#8221; header_2_font_size=&#8221;40px&#8221; header_3_font_size=&#8221;28px&#8221; custom_margin=&#8221;||21px|||&#8221; hover_enabled=&#8221;0&#8243; global_colors_info=&#8221;{}&#8221; header_3_font=&#8221;Poppins||||||||&#8221; sticky_enabled=&#8221;0&#8243;]<\/p>\n<h3>Public Health Services<\/h3>\n<p>[\/et_pb_text][\/et_pb_column][\/et_pb_row][et_pb_row column_structure=&#8221;1_2,1_2&#8243; _builder_version=&#8221;4.23&#8243; _module_preset=&#8221;default&#8221; global_colors_info=&#8221;{}&#8221;][et_pb_column type=&#8221;1_2&#8243; _builder_version=&#8221;4.22.2&#8243; _module_preset=&#8221;default&#8221; global_colors_info=&#8221;{}&#8221;][et_pb_blurb title=&#8221;Health Visiting and Children&#8217;s Centre service&#8221; use_icon=&#8221;on&#8221; font_icon=&#8221;&#xf0c1;||fa||900&#8243; icon_color=&#8221;#dd5273&#8243; icon_placement=&#8221;left&#8221; _builder_version=&#8221;4.23.4&#8243; _module_preset=&#8221;default&#8221; header_font=&#8221;|600|||||||&#8221; header_text_color=&#8221;#dd2573&#8243; header_font_size=&#8221;20px&#8221; header_line_height=&#8221;1.4em&#8221; body_text_color=&#8221;#242424&#8243; link_option_url=&#8221;https:\/\/www.suffolk.gov.uk\/children-families-and-learning\/childrens-health\/health-visiting&#8221; link_option_url_new_window=&#8221;on&#8221; hover_enabled=&#8221;0&#8243; global_colors_info=&#8221;{}&#8221; sticky_enabled=&#8221;0&#8243;]<\/p>\n<p>Health Visitors are qualified nurses or midwives with specialist community public health training.<\/p>\n<p>[\/et_pb_blurb][et_pb_blurb title=&#8221;Family Nurse Partnership&#8221; use_icon=&#8221;on&#8221; font_icon=&#8221;&#xf0c1;||fa||900&#8243; icon_color=&#8221;#dd5273&#8243; icon_placement=&#8221;left&#8221; _builder_version=&#8221;4.23.4&#8243; _module_preset=&#8221;default&#8221; header_font=&#8221;|600|||||||&#8221; header_text_color=&#8221;#dd2573&#8243; header_font_size=&#8221;20px&#8221; header_line_height=&#8221;1.4em&#8221; body_text_color=&#8221;#242424&#8243; link_option_url=&#8221;https:\/\/www.suffolk.gov.uk\/children-families-and-learning\/childrens-health\/family-nurse-partnership&#8221; link_option_url_new_window=&#8221;on&#8221; global_colors_info=&#8221;{}&#8221;]The Family Nurse Partnership (FNP) programme is a voluntary home visiting service for first-time mums.[\/et_pb_blurb][et_pb_blurb title=&#8221;Young Parent&#8217;s Pathway&#8221; use_icon=&#8221;on&#8221; font_icon=&#8221;&#xf0c1;||fa||900&#8243; icon_color=&#8221;#dd5273&#8243; icon_placement=&#8221;left&#8221; _builder_version=&#8221;4.23.4&#8243; _module_preset=&#8221;default&#8221; header_font=&#8221;|600|||||||&#8221; header_text_color=&#8221;#dd2573&#8243; header_font_size=&#8221;20px&#8221; header_line_height=&#8221;1.4em&#8221; body_text_color=&#8221;#242424&#8243; link_option_url=&#8221;https:\/\/www.suffolk.gov.uk\/children-families-and-learning\/childrens-health\/young-parents-pathway&#8221; link_option_url_new_window=&#8221;on&#8221; global_colors_info=&#8221;{}&#8221;]<\/p>\n<p>The Young Parent\u2019s Pathway is a home visiting voluntary service within the 0-19 Health Visiting service.<\/p>\n<p>[\/et_pb_blurb][et_pb_blurb title=&#8221;School Nursing&#8221; use_icon=&#8221;on&#8221; font_icon=&#8221;&#xf0c1;||fa||900&#8243; icon_color=&#8221;#dd5273&#8243; icon_placement=&#8221;left&#8221; _builder_version=&#8221;4.23.4&#8243; _module_preset=&#8221;default&#8221; header_font=&#8221;|600|||||||&#8221; header_text_color=&#8221;#dd2573&#8243; header_font_size=&#8221;20px&#8221; header_line_height=&#8221;1.4em&#8221; body_text_color=&#8221;#242424&#8243; link_option_url=&#8221;#&#8221; link_option_url_new_window=&#8221;on&#8221; global_colors_info=&#8221;{}&#8221;]<\/p>\n<p>School Nurses are qualified nurses or midwives with specialist community public health training and can offer families with children aged 5 to 19 years.<\/p>\n<p>[\/et_pb_blurb][et_pb_blurb title=&#8221;National Child Measurement Programme&#8221; use_icon=&#8221;on&#8221; font_icon=&#8221;&#xf0c1;||fa||900&#8243; icon_color=&#8221;#dd5273&#8243; icon_placement=&#8221;left&#8221; _builder_version=&#8221;4.23.4&#8243; _module_preset=&#8221;default&#8221; header_font=&#8221;|600|||||||&#8221; header_text_color=&#8221;#dd2573&#8243; header_font_size=&#8221;20px&#8221; header_line_height=&#8221;1.4em&#8221; body_text_color=&#8221;#242424&#8243; link_option_url=&#8221;https:\/\/suffolk.gov.uk\/children-families-and-learning\/childrens-health\/school-nursing-service\/information-and-resources-for-parents-and-carers\/national-child-measurement-programme-and-hearing-and-vision&#8221; link_option_url_new_window=&#8221;on&#8221; global_colors_info=&#8221;{}&#8221;]<\/p>\n<p><span>The National Child Measurement Programme (NCMP) measure the height and weight of children in Reception class (aged 4 to 5) and Year 6 (aged 10 to 11).<\/span><\/p>\n<p>[\/et_pb_blurb][\/et_pb_column][et_pb_column type=&#8221;1_2&#8243; _builder_version=&#8221;4.22.2&#8243; _module_preset=&#8221;default&#8221; global_colors_info=&#8221;{}&#8221;][et_pb_image src=&#8221;https:\/\/feelgoodsuffolk.co.uk\/wp-content\/uploads\/2024\/01\/Untitled-design-2024-01-24T160424.323.jpg&#8221; alt=&#8221;health visitor with a mum and baby&#8221; _builder_version=&#8221;4.23.4&#8243; _module_preset=&#8221;default&#8221; border_radii=&#8221;on|4px|4px|4px|4px&#8221; box_shadow_style=&#8221;preset3&#8243; global_colors_info=&#8221;{}&#8221;][\/et_pb_image][\/et_pb_column][\/et_pb_row][\/et_pb_section][et_pb_section fb_built=&#8221;1&#8243; _builder_version=&#8221;4.23.4&#8243; _module_preset=&#8221;default&#8221; background_color=&#8221;#abc12e&#8221; da_disable_devices=&#8221;off|off|off&#8221; global_colors_info=&#8221;{}&#8221; da_is_popup=&#8221;off&#8221; da_exit_intent=&#8221;off&#8221; da_has_close=&#8221;on&#8221; da_alt_close=&#8221;off&#8221; da_dark_close=&#8221;off&#8221; da_not_modal=&#8221;on&#8221; da_is_singular=&#8221;off&#8221; da_with_loader=&#8221;off&#8221; da_has_shadow=&#8221;on&#8221;][et_pb_row column_structure=&#8221;1_3,1_3,1_3&#8243; _builder_version=&#8221;4.22.1&#8243; _module_preset=&#8221;default&#8221; max_width=&#8221;1500px&#8221; global_colors_info=&#8221;{}&#8221;][et_pb_column type=&#8221;1_3&#8243; _builder_version=&#8221;4.22.1&#8243; _module_preset=&#8221;default&#8221; global_colors_info=&#8221;{}&#8221;][et_pb_blurb title=&#8221;Children&#8217;s Dental Health&#8221; image=&#8221;https:\/\/feelgoodsuffolk.co.uk\/wp-content\/uploads\/2024\/01\/Untitled-design-2024-01-24T162259.296.jpg&#8221; alt=&#8221;little boy and girl cleaning their teeth in the bathroom&#8221; _builder_version=&#8221;4.23.4&#8243; _module_preset=&#8221;default&#8221; header_font=&#8221;|800|||||||&#8221; header_text_color=&#8221;#FFFFFF&#8221; header_font_size=&#8221;20px&#8221; border_radii_image=&#8221;on|4px|4px|4px|4px&#8221; global_colors_info=&#8221;{}&#8221;]<\/p>\n<p>Ensuring good dental health from an early age is very important. It stands children in good stead for the long-term health of their teeth and gums<\/p>\n<p>[\/et_pb_blurb][\/et_pb_column][et_pb_column type=&#8221;1_3&#8243; _builder_version=&#8221;4.22.1&#8243; _module_preset=&#8221;default&#8221; global_colors_info=&#8221;{}&#8221;][et_pb_blurb title=&#8221;Breastfeeding&#8221; image=&#8221;https:\/\/feelgoodsuffolk.co.uk\/wp-content\/uploads\/2024\/01\/Untitled-design-2024-01-24T162835.547.jpg&#8221; alt=&#8221;lady breastfeeding a baby&#8221; _builder_version=&#8221;4.23.4&#8243; _module_preset=&#8221;default&#8221; header_font=&#8221;|800|||||||&#8221; header_text_color=&#8221;#FFFFFF&#8221; header_font_size=&#8221;20px&#8221; border_radii_image=&#8221;on|4px|4px|4px|4px&#8221; global_colors_info=&#8221;{}&#8221;]<\/p>\n<p>Breastfeeding contributes to the health of mother and child in both the long and short term by providing the baby with all the nutrients they need.<\/p>\n<p>[\/et_pb_blurb][\/et_pb_column][et_pb_column type=&#8221;1_3&#8243; _builder_version=&#8221;4.22.1&#8243; _module_preset=&#8221;default&#8221; global_colors_info=&#8221;{}&#8221;][et_pb_blurb title=&#8221;Emotional Health and Wellbeing&#8221; image=&#8221;https:\/\/feelgoodsuffolk.co.uk\/wp-content\/uploads\/2024\/01\/Untitled-design-2024-01-24T163138.139.jpg&#8221; alt=&#8221;kids drinking milk together and smiling&#8221; _builder_version=&#8221;4.23.4&#8243; _module_preset=&#8221;default&#8221; header_font=&#8221;|800|||||||&#8221; header_text_color=&#8221;#FFFFFF&#8221; header_font_size=&#8221;20px&#8221; border_radii_image=&#8221;on|4px|4px|4px|4px&#8221; global_colors_info=&#8221;{}&#8221;]<\/p>\n<p>Growing up is meant to be one of the very best times in anyone\u2019s life but it can also be tough.<\/p>\n<p>[\/et_pb_blurb][\/et_pb_column][\/et_pb_row][et_pb_row column_structure=&#8221;1_3,1_3,1_3&#8243; _builder_version=&#8221;4.22.1&#8243; _module_preset=&#8221;default&#8221; max_width=&#8221;1500px&#8221; global_colors_info=&#8221;{}&#8221;][et_pb_column type=&#8221;1_3&#8243; _builder_version=&#8221;4.22.1&#8243; _module_preset=&#8221;default&#8221; global_colors_info=&#8221;{}&#8221;][et_pb_blurb title=&#8221;Parenting&#8221; image=&#8221;https:\/\/feelgoodsuffolk.co.uk\/wp-content\/uploads\/2024\/01\/Untitled-design-2024-01-24T163433.187.jpg&#8221; alt=&#8221;parents with their baby&#8221; _builder_version=&#8221;4.23.4&#8243; _module_preset=&#8221;default&#8221; header_font=&#8221;|800|||||||&#8221; header_text_color=&#8221;#FFFFFF&#8221; header_font_size=&#8221;20px&#8221; border_radii_image=&#8221;on|4px|4px|4px|4px&#8221; global_colors_info=&#8221;{}&#8221;]<\/p>\n<p>No parenting experience is the same, as no child is the same but there are tools that can help with the challenges.<\/p>\n<p>[\/et_pb_blurb][\/et_pb_column][et_pb_column type=&#8221;1_3&#8243; _builder_version=&#8221;4.22.1&#8243; _module_preset=&#8221;default&#8221; global_colors_info=&#8221;{}&#8221;][et_pb_blurb title=&#8221;Children&#8217;s Healthy Weight&#8221; image=&#8221;https:\/\/feelgoodsuffolk.co.uk\/wp-content\/uploads\/2024\/01\/Untitled-design-2024-01-24T163928.918.jpg&#8221; alt=&#8221;young boy overweight playing on Xbox&#8221; _builder_version=&#8221;4.23.4&#8243; _module_preset=&#8221;default&#8221; header_font=&#8221;|800|||||||&#8221; header_text_color=&#8221;#FFFFFF&#8221; header_font_size=&#8221;20px&#8221; border_radii_image=&#8221;on|4px|4px|4px|4px&#8221; global_colors_info=&#8221;{}&#8221;]<\/p>\n<p>Supporting Suffolk\u2019s children, young people and their families to achieve a healthy weight throughout the life course requires a whole system approach.<\/p>\n<p>[\/et_pb_blurb][\/et_pb_column][et_pb_column type=&#8221;1_3&#8243; _builder_version=&#8221;4.22.1&#8243; _module_preset=&#8221;default&#8221; global_colors_info=&#8221;{}&#8221;][et_pb_blurb title=&#8221;Resources&#8221; image=&#8221;https:\/\/feelgoodsuffolk.co.uk\/wp-content\/uploads\/2024\/01\/Untitled-design-2024-01-24T164308.904.jpg&#8221; alt=&#8221;Two dads with their child with mucky hands from painting&#8221; _builder_version=&#8221;4.23.4&#8243; _module_preset=&#8221;default&#8221; header_font=&#8221;|800|||||||&#8221; header_text_color=&#8221;#FFFFFF&#8221; header_font_size=&#8221;20px&#8221; border_radii_image=&#8221;on|4px|4px|4px|4px&#8221; global_colors_info=&#8221;{}&#8221;]<\/p>\n<p>There are lots of resources and useful documents on this page which you can read online or download and print, all designed to help you support your family.<\/p>\n<p>[\/et_pb_blurb][\/et_pb_column][\/et_pb_row][\/et_pb_section]<\/p>\n","protected":false},"excerpt":{"rendered":"<p>Children, young people and familiesIn Suffolk there are a range of public health services to support your children and your family.Some of these services can be accessed on the Suffolk County Council website via the links below or you can also find lots of other information on this website to support your family.Public Health ServicesHealth [&hellip;]<\/p>\n","protected":false},"author":1,"featured_media":0,"parent":0,"menu_order":0,"comment_status":"closed","ping_status":"closed","template":"","meta":{"_acf_changed":false,"_et_pb_use_builder":"on","_et_pb_old_content":"","_et_gb_content_width":"","_monsterinsights_skip_tracking":false,"_monsterinsights_sitenote_active":false,"_monsterinsights_sitenote_note":"","_monsterinsights_sitenote_category":0,"footnotes":""},"class_list":["post-238615","page","type-page","status-publish","hentry"],"acf":[],"yoast_head":"<!-- This site is optimized with the Yoast SEO plugin v27.3 - https:\/\/yoast.com\/product\/yoast-seo-wordpress\/ -->\n<title>Sub-families - Feel Good Suffolk<\/title>\n<meta name=\"robots\" content=\"index, follow, max-snippet:-1, max-image-preview:large, max-video-preview:-1\" \/>\n<link rel=\"canonical\" href=\"https:\/\/feelgoodsuffolk.co.uk\/ro\/suffolk-sanatos__distrus\/subfamilii\/\" \/>\n<meta property=\"og:locale\" content=\"ro_RO\" \/>\n<meta property=\"og:type\" content=\"article\" \/>\n<meta property=\"og:title\" content=\"Sub-families - Feel Good Suffolk\" \/>\n<meta property=\"og:description\" content=\"Children, young people and familiesIn Suffolk there are a range of public health services to support your children and your family.Some of these services can be accessed on the Suffolk County Council website via the links below or you can also find lots of other information on this website to support your family.Public Health ServicesHealth [&hellip;]\" \/>\n<meta property=\"og:url\" content=\"https:\/\/feelgoodsuffolk.co.uk\/ro\/suffolk-sanatos__distrus\/subfamilii\/\" \/>\n<meta property=\"og:site_name\" content=\"Feel Good Suffolk\" \/>\n<meta property=\"article:publisher\" content=\"https:\/\/www.facebook.com\/FeelGoodSuffolk\" \/>\n<meta property=\"article:modified_time\" content=\"2024-01-24T16:47:47+00:00\" \/>\n<meta name=\"twitter:card\" content=\"summary_large_image\" \/>\n<meta name=\"twitter:label1\" content=\"Timp estimat pentru citire\" \/>\n\t<meta name=\"twitter:data1\" content=\"5 minute\" \/>\n<script type=\"application\/ld+json\" class=\"yoast-schema-graph\">{\"@context\":\"https:\\\/\\\/schema.org\",\"@graph\":[{\"@type\":\"WebPage\",\"@id\":\"https:\\\/\\\/feelgoodsuffolk.co.uk\\\/healthy-suffolk__trashed\\\/sub-families\\\/\",\"url\":\"https:\\\/\\\/feelgoodsuffolk.co.uk\\\/healthy-suffolk__trashed\\\/sub-families\\\/\",\"name\":\"Sub-families - Feel Good Suffolk\",\"isPartOf\":{\"@id\":\"https:\\\/\\\/feelgoodsuffolk.co.uk\\\/#website\"},\"datePublished\":\"2024-01-15T14:32:39+00:00\",\"dateModified\":\"2024-01-24T16:47:47+00:00\",\"breadcrumb\":{\"@id\":\"https:\\\/\\\/feelgoodsuffolk.co.uk\\\/healthy-suffolk__trashed\\\/sub-families\\\/#breadcrumb\"},\"inLanguage\":\"ro-RO\",\"potentialAction\":[{\"@type\":\"ReadAction\",\"target\":[\"https:\\\/\\\/feelgoodsuffolk.co.uk\\\/healthy-suffolk__trashed\\\/sub-families\\\/\"]}]},{\"@type\":\"BreadcrumbList\",\"@id\":\"https:\\\/\\\/feelgoodsuffolk.co.uk\\\/healthy-suffolk__trashed\\\/sub-families\\\/#breadcrumb\",\"itemListElement\":[{\"@type\":\"ListItem\",\"position\":1,\"name\":\"Home\",\"item\":\"https:\\\/\\\/feelgoodsuffolk.co.uk\\\/\"},{\"@type\":\"ListItem\",\"position\":2,\"name\":\"Sub-families\"}]},{\"@type\":\"WebSite\",\"@id\":\"https:\\\/\\\/feelgoodsuffolk.co.uk\\\/#website\",\"url\":\"https:\\\/\\\/feelgoodsuffolk.co.uk\\\/\",\"name\":\"Feel Good Suffolk\",\"description\":\"Healthy changes one step at a time\",\"publisher\":{\"@id\":\"https:\\\/\\\/feelgoodsuffolk.co.uk\\\/#organization\"},\"potentialAction\":[{\"@type\":\"SearchAction\",\"target\":{\"@type\":\"EntryPoint\",\"urlTemplate\":\"https:\\\/\\\/feelgoodsuffolk.co.uk\\\/?s={search_term_string}\"},\"query-input\":{\"@type\":\"PropertyValueSpecification\",\"valueRequired\":true,\"valueName\":\"search_term_string\"}}],\"inLanguage\":\"ro-RO\"},{\"@type\":\"Organization\",\"@id\":\"https:\\\/\\\/feelgoodsuffolk.co.uk\\\/#organization\",\"name\":\"Feel Good Suffolk\",\"url\":\"https:\\\/\\\/feelgoodsuffolk.co.uk\\\/\",\"logo\":{\"@type\":\"ImageObject\",\"inLanguage\":\"ro-RO\",\"@id\":\"https:\\\/\\\/feelgoodsuffolk.co.uk\\\/#\\\/schema\\\/logo\\\/image\\\/\",\"url\":\"https:\\\/\\\/feelgoodsuffolk.co.uk\\\/wp-content\\\/uploads\\\/2023\\\/10\\\/FGS-logo-large.png\",\"contentUrl\":\"https:\\\/\\\/feelgoodsuffolk.co.uk\\\/wp-content\\\/uploads\\\/2023\\\/10\\\/FGS-logo-large.png\",\"width\":696,\"height\":696,\"caption\":\"Feel Good Suffolk\"},\"image\":{\"@id\":\"https:\\\/\\\/feelgoodsuffolk.co.uk\\\/#\\\/schema\\\/logo\\\/image\\\/\"},\"sameAs\":[\"https:\\\/\\\/www.facebook.com\\\/FeelGoodSuffolk\",\"https:\\\/\\\/instagram.com\\\/feelgoodsuffolk\"]}]}<\/script>\n<!-- \/ Yoast SEO plugin. -->","yoast_head_json":{"title":"Sub-familii - Feel Good Suffolk","robots":{"index":"index","follow":"follow","max-snippet":"max-snippet:-1","max-image-preview":"max-image-preview:large","max-video-preview":"max-video-preview:-1"},"canonical":"https:\/\/feelgoodsuffolk.co.uk\/ro\/suffolk-sanatos__distrus\/subfamilii\/","og_locale":"ro_RO","og_type":"article","og_title":"Sub-families - Feel Good Suffolk","og_description":"Children, young people and familiesIn Suffolk there are a range of public health services to support your children and your family.Some of these services can be accessed on the Suffolk County Council website via the links below or you can also find lots of other information on this website to support your family.Public Health ServicesHealth [&hellip;]","og_url":"https:\/\/feelgoodsuffolk.co.uk\/ro\/suffolk-sanatos__distrus\/subfamilii\/","og_site_name":"Feel Good Suffolk","article_publisher":"https:\/\/www.facebook.com\/FeelGoodSuffolk","article_modified_time":"2024-01-24T16:47:47+00:00","twitter_card":"summary_large_image","twitter_misc":{"Timp estimat pentru citire":"5 minute"},"schema":{"@context":"https:\/\/schema.org","@graph":[{"@type":"WebPage","@id":"https:\/\/feelgoodsuffolk.co.uk\/healthy-suffolk__trashed\/sub-families\/","url":"https:\/\/feelgoodsuffolk.co.uk\/healthy-suffolk__trashed\/sub-families\/","name":"Sub-familii - Feel Good Suffolk","isPartOf":{"@id":"https:\/\/feelgoodsuffolk.co.uk\/#website"},"datePublished":"2024-01-15T14:32:39+00:00","dateModified":"2024-01-24T16:47:47+00:00","breadcrumb":{"@id":"https:\/\/feelgoodsuffolk.co.uk\/healthy-suffolk__trashed\/sub-families\/#breadcrumb"},"inLanguage":"ro-RO","potentialAction":[{"@type":"ReadAction","target":["https:\/\/feelgoodsuffolk.co.uk\/healthy-suffolk__trashed\/sub-families\/"]}]},{"@type":"BreadcrumbList","@id":"https:\/\/feelgoodsuffolk.co.uk\/healthy-suffolk__trashed\/sub-families\/#breadcrumb","itemListElement":[{"@type":"ListItem","position":1,"name":"Home","item":"https:\/\/feelgoodsuffolk.co.uk\/"},{"@type":"ListItem","position":2,"name":"Sub-families"}]},{"@type":"WebSite","@id":"https:\/\/feelgoodsuffolk.co.uk\/#website","url":"https:\/\/feelgoodsuffolk.co.uk\/","name":"Simte-te bine Suffolk","description":"Schimb\u0103ri s\u0103n\u0103toase pe r\u00e2nd","publisher":{"@id":"https:\/\/feelgoodsuffolk.co.uk\/#organization"},"potentialAction":[{"@type":"SearchAction","target":{"@type":"EntryPoint","urlTemplate":"https:\/\/feelgoodsuffolk.co.uk\/?s={search_term_string}"},"query-input":{"@type":"PropertyValueSpecification","valueRequired":true,"valueName":"search_term_string"}}],"inLanguage":"ro-RO"},{"@type":"Organization","@id":"https:\/\/feelgoodsuffolk.co.uk\/#organization","name":"Simte-te bine Suffolk","url":"https:\/\/feelgoodsuffolk.co.uk\/","logo":{"@type":"ImageObject","inLanguage":"ro-RO","@id":"https:\/\/feelgoodsuffolk.co.uk\/#\/schema\/logo\/image\/","url":"https:\/\/feelgoodsuffolk.co.uk\/wp-content\/uploads\/2023\/10\/FGS-logo-large.png","contentUrl":"https:\/\/feelgoodsuffolk.co.uk\/wp-content\/uploads\/2023\/10\/FGS-logo-large.png","width":696,"height":696,"caption":"Feel Good Suffolk"},"image":{"@id":"https:\/\/feelgoodsuffolk.co.uk\/#\/schema\/logo\/image\/"},"sameAs":["https:\/\/www.facebook.com\/FeelGoodSuffolk","https:\/\/instagram.com\/feelgoodsuffolk"]}]}},"_links":{"self":[{"href":"https:\/\/feelgoodsuffolk.co.uk\/ro\/wp-json\/wp\/v2\/pages\/238615","targetHints":{"allow":["GET"]}}],"collection":[{"href":"https:\/\/feelgoodsuffolk.co.uk\/ro\/wp-json\/wp\/v2\/pages"}],"about":[{"href":"https:\/\/feelgoodsuffolk.co.uk\/ro\/wp-json\/wp\/v2\/types\/page"}],"author":[{"embeddable":true,"href":"https:\/\/feelgoodsuffolk.co.uk\/ro\/wp-json\/wp\/v2\/users\/1"}],"replies":[{"embeddable":true,"href":"https:\/\/feelgoodsuffolk.co.uk\/ro\/wp-json\/wp\/v2\/comments?post=238615"}],"version-history":[{"count":11,"href":"https:\/\/feelgoodsuffolk.co.uk\/ro\/wp-json\/wp\/v2\/pages\/238615\/revisions"}],"predecessor-version":[{"id":238714,"href":"https:\/\/feelgoodsuffolk.co.uk\/ro\/wp-json\/wp\/v2\/pages\/238615\/revisions\/238714"}],"wp:attachment":[{"href":"https:\/\/feelgoodsuffolk.co.uk\/ro\/wp-json\/wp\/v2\/media?parent=238615"}],"curies":[{"name":"wp","href":"https:\/\/api.w.org\/{rel}","templated":true}]}}